{"id":559,"date":"2025-07-29T22:32:06","date_gmt":"2025-07-29T22:32:06","guid":{"rendered":"http:\/\/deepsolidarity.spuhner.de\/?page_id=559"},"modified":"2025-08-01T00:11:03","modified_gmt":"2025-07-31T22:11:03","slug":"ukraine","status":"publish","type":"page","link":"https:\/\/deepsolidarity.net\/de\/ukraine\/","title":{"rendered":"Ukraine"},"content":{"rendered":"\n\t\t<div id=\"fws_69f21b487ec20\"  data-column-margin=\"default\" data-midnight=\"dark\" data-nectar-animated-gradient-settings=\"{&quot;color_1&quot;:&quot;#FFD700&quot;,&quot;color_2&quot;:&quot;#0057B8&quot;,&quot;speed&quot;:&quot;1300&quot;,&quot;blending_mode&quot;:&quot;organic&quot;}\"  class=\"wpb_row vc_row-fluid vc_row full-width-content vc_row-o-full-height vc_row-o-columns-middle vc_row-o-equal-height vc_row-flex vc_row-o-content-middle parallax_section\"  style=\"padding-top: 0px; padding-bottom: 0px; \"><div class=\"row-bg-wrap has-animated-gradient\" data-bg-animation=\"none\" data-bg-animation-delay=\"\" data-bg-overlay=\"true\"><div class=\"inner-wrap row-bg-layer using-image\" ><div class=\"row-bg viewport-desktop using-image\" data-parallax-speed=\"fast\" style=\"background-image: url(https:\/\/deepsolidarity.net\/wp-content\/uploads\/2025\/07\/deepsolidarity-Ukraine-1.webp); background-position: center center; background-repeat: no-repeat; \"><\/div><\/div><div class=\"row-bg-overlay row-bg-layer\" style=\"background-color:#F7F7F7;  opacity: 0.8; \"><\/div><\/div><div class=\"row_col_wrap_12 col span_12 dark left\">\n\t<div  class=\"vc_col-sm-12 wpb_column column_container vc_column_container col left_padding_phone_10pct top_padding_phone_10pct right_padding_phone_10pct bottom_padding_phone_10pct \"  data-padding-pos=\"all\" data-has-bg-color=\"false\" data-bg-color=\"\" data-bg-opacity=\"1\" data-animation=\"\" data-delay=\"0\" >\n\t\t<div class=\"vc_column-inner\" >\n\t\t\t<div class=\"wpb_wrapper\">\n\t\t\t\t<div id=\"fws_69f21b488048d\" data-midnight=\"\" data-column-margin=\"default\" class=\"wpb_row vc_row-fluid vc_row inner_row\"  style=\"\"><div class=\"row-bg-wrap\"> <div class=\"row-bg\" ><\/div> <\/div><div class=\"row_col_wrap_12_inner col span_12  left\">\n\t<div style=\"margin-top: 10%; margin-bottom: 10%; \" class=\"vc_col-sm-12 wpb_column column_container vc_column_container col child_column centered-text padding-6-percent force-desktop-text-align-center right_margin_10pct left_margin_10pct top_margin_phone_10pct bottom_margin_phone_10pct right_margin_phone_0pct left_margin_phone_0pct inherit_tablet inherit_phone backdrop_filter_blur backdrop_blur_5 \"  data-using-bg=\"true\" data-shadow=\"large_depth\" data-border-radius=\"50px\" data-padding-pos=\"all\" data-has-bg-color=\"true\" data-bg-color=\"#F7F7F7\" data-bg-opacity=\"0.4\" data-animation=\"\" data-delay=\"0\" >\n\t\t<div class=\"vc_column-inner\" ><div class=\"column-bg-overlay-wrap column-bg-layer\" data-bg-animation=\"none\"><div class=\"column-bg-overlay\" style=\"opacity: 0.4; background-color: #F7F7F7;\"><\/div><\/div>\n\t\t<div class=\"wpb_wrapper\">\n\t\t\t\n<div class=\"wpb_text_column wpb_content_element \" >\n\t<div class=\"wpb_text_column wpb_content_element \">\n<div class=\"wpb_wrapper\">\n<h2>Spenden f\u00fcr Ukraine<\/h2>\n<\/div>\n<\/div>\n<\/div>\n\n\n\n\n<div class=\"wpb_text_column wpb_content_element \" >\n\t<p>In Zusammenarbeit mit der ukrainischen Organisation <a href=\"https:\/\/baseua.org\/\" target=\"_blank\" rel=\"noopener\"><strong>BASE UA<\/strong><\/a> unterst\u00fctzt deepsolidarity e.V. direkte humanit\u00e4re Hilfe in der Region Donezk in der Ukraine.<\/p>\n<\/div>\n\n\n\n\n\t<div class=\"wpb_raw_code wpb_raw_html wpb_content_element\" >\n\t\t<div class=\"wpb_wrapper\">\n\t\t\t<script type=\"text\/javascript\" src=\"https:\/\/secure.fundraisingbox.com\/app\/paymentJS?hash=74rhth0igoyaozlx\"><\/script><noscript>Bitte Javascript aktivieren<\/noscript><a target=\"_blank\" href=\"https:\/\/www.fundraisingbox.com\/?utm_source=donation_form\"><img decoding=\"async\" border=\"0\" style=\"border: 0 !important\" src=\"https:\/\/secure.fundraisingbox.com\/images\/FundraisingBox-Logo-Widget.png\" alt=\"FundraisingBox Logo\" \/><\/a>\n\t\t<\/div>\n\t<\/div>\n\n\t\t<\/div> \n\t<\/div>\n\t<\/div> \n<\/div><\/div>\n\t\t\t<\/div> \n\t\t<\/div>\n\t<\/div> \n<\/div><\/div>\n","protected":false},"excerpt":{"rendered":"Spenden f\u00fcr Ukraine In Zusammenarbeit mit der ukrainischen Organisation BASE UA unterst\u00fctzt deepsolidarity e.V. direkte humanit\u00e4re Hilfe in der Region Donezk in der Ukraine. Bitte Javascript aktivieren","protected":false},"author":2,"featured_media":0,"parent":0,"menu_order":0,"comment_status":"closed","ping_status":"closed","template":"","meta":{"footnotes":""},"class_list":["post-559","page","type-page","status-publish"],"yoast_head":"<!-- This site is optimized with the Yoast SEO plugin v27.5 - https:\/\/yoast.com\/product\/yoast-seo-wordpress\/ -->\n<title>deepsolidarity &#8212; Spenden f\u00fcr Ukraine<\/title>\n<meta name=\"description\" content=\"DeepSolidarity e.V. arbeitet eng mit der ukrainischen Organisation BASE UA zusammen, um wirkungsvolle humanit\u00e4re Hilfe zu leisten.\" \/>\n<meta name=\"robots\" content=\"noindex, follow\" \/>\n<meta property=\"og:locale\" content=\"de_DE\" \/>\n<meta property=\"og:type\" content=\"article\" \/>\n<meta property=\"og:title\" content=\"deepsolidarity &#8212; Spenden f\u00fcr Ukraine\" \/>\n<meta property=\"og:description\" content=\"DeepSolidarity e.V. arbeitet eng mit der ukrainischen Organisation BASE UA zusammen, um wirkungsvolle humanit\u00e4re Hilfe zu leisten.\" \/>\n<meta property=\"og:url\" content=\"https:\/\/deepsolidarity.net\/de\/ukraine\/\" \/>\n<meta property=\"og:site_name\" content=\"deepsolidarity\" \/>\n<meta property=\"article:modified_time\" content=\"2025-07-31T22:11:03+00:00\" \/>\n<meta property=\"og:image\" content=\"https:\/\/deepsolidarity.net\/wp-content\/uploads\/2025\/07\/deepsolidarity-Preview.jpg\" \/>\n\t<meta property=\"og:image:width\" content=\"1200\" \/>\n\t<meta property=\"og:image:height\" content=\"675\" \/>\n\t<meta property=\"og:image:type\" content=\"image\/jpeg\" \/>\n<meta name=\"twitter:card\" content=\"summary_large_image\" \/>\n<meta name=\"twitter:title\" content=\"deepsolidarity &#8212; Spenden f\u00fcr Ukraine\" \/>\n<meta name=\"twitter:description\" content=\"DeepSolidarity e.V. arbeitet eng mit der ukrainischen Organisation BASE UA zusammen, um wirkungsvolle humanit\u00e4re Hilfe zu leisten.\" \/>\n<meta name=\"twitter:label1\" content=\"Gesch\u00e4tzte Lesezeit\" \/>\n\t<meta name=\"twitter:data1\" content=\"7\u00a0Minuten\" \/>\n<script type=\"application\/ld+json\" class=\"yoast-schema-graph\">{\"@context\":\"https:\\\/\\\/schema.org\",\"@graph\":[{\"@type\":\"WebPage\",\"@id\":\"https:\\\/\\\/deepsolidarity.net\\\/ukraine\\\/\",\"url\":\"https:\\\/\\\/deepsolidarity.net\\\/ukraine\\\/\",\"name\":\"deepsolidarity &#8212; Spenden f\u00fcr Ukraine\",\"isPartOf\":{\"@id\":\"https:\\\/\\\/deepsolidarity.net\\\/#website\"},\"datePublished\":\"2025-07-29T22:32:06+00:00\",\"dateModified\":\"2025-07-31T22:11:03+00:00\",\"description\":\"DeepSolidarity e.V. arbeitet eng mit der ukrainischen Organisation BASE UA zusammen, um wirkungsvolle humanit\u00e4re Hilfe zu leisten.\",\"breadcrumb\":{\"@id\":\"https:\\\/\\\/deepsolidarity.net\\\/ukraine\\\/#breadcrumb\"},\"inLanguage\":\"de\",\"potentialAction\":[{\"@type\":\"ReadAction\",\"target\":[\"https:\\\/\\\/deepsolidarity.net\\\/ukraine\\\/\"]}]},{\"@type\":\"BreadcrumbList\",\"@id\":\"https:\\\/\\\/deepsolidarity.net\\\/ukraine\\\/#breadcrumb\",\"itemListElement\":[{\"@type\":\"ListItem\",\"position\":1,\"name\":\"Startseite\",\"item\":\"https:\\\/\\\/deepsolidarity.net\\\/\"},{\"@type\":\"ListItem\",\"position\":2,\"name\":\"Ukraine\"}]},{\"@type\":\"WebSite\",\"@id\":\"https:\\\/\\\/deepsolidarity.net\\\/#website\",\"url\":\"https:\\\/\\\/deepsolidarity.net\\\/\",\"name\":\"deepsolidarity e.V.\",\"description\":\"global help, local impact\",\"publisher\":{\"@id\":\"https:\\\/\\\/deepsolidarity.net\\\/#organization\"},\"alternateName\":\"deepsolidarity\",\"potentialAction\":[{\"@type\":\"SearchAction\",\"target\":{\"@type\":\"EntryPoint\",\"urlTemplate\":\"https:\\\/\\\/deepsolidarity.net\\\/?s={search_term_string}\"},\"query-input\":{\"@type\":\"PropertyValueSpecification\",\"valueRequired\":true,\"valueName\":\"search_term_string\"}}],\"inLanguage\":\"de\"},{\"@type\":\"Organization\",\"@id\":\"https:\\\/\\\/deepsolidarity.net\\\/#organization\",\"name\":\"deepsolidarity\",\"url\":\"https:\\\/\\\/deepsolidarity.net\\\/\",\"logo\":{\"@type\":\"ImageObject\",\"inLanguage\":\"de\",\"@id\":\"https:\\\/\\\/deepsolidarity.net\\\/#\\\/schema\\\/logo\\\/image\\\/\",\"url\":\"https:\\\/\\\/deepsolidarity.net\\\/wp-content\\\/uploads\\\/2025\\\/07\\\/deepsolidarity.webp\",\"contentUrl\":\"https:\\\/\\\/deepsolidarity.net\\\/wp-content\\\/uploads\\\/2025\\\/07\\\/deepsolidarity.webp\",\"width\":1000,\"height\":1000,\"caption\":\"deepsolidarity\"},\"image\":{\"@id\":\"https:\\\/\\\/deepsolidarity.net\\\/#\\\/schema\\\/logo\\\/image\\\/\"}}]}<\/script>\n<!-- \/ Yoast SEO plugin. -->","yoast_head_json":{"title":"deepsolidarity &#8212; Spenden f\u00fcr Ukraine","description":"DeepSolidarity e.V. arbeitet eng mit der ukrainischen Organisation BASE UA zusammen, um wirkungsvolle humanit\u00e4re Hilfe zu leisten.","robots":{"index":"noindex","follow":"follow"},"og_locale":"de_DE","og_type":"article","og_title":"deepsolidarity &#8212; Spenden f\u00fcr Ukraine","og_description":"DeepSolidarity e.V. arbeitet eng mit der ukrainischen Organisation BASE UA zusammen, um wirkungsvolle humanit\u00e4re Hilfe zu leisten.","og_url":"https:\/\/deepsolidarity.net\/de\/ukraine\/","og_site_name":"deepsolidarity","article_modified_time":"2025-07-31T22:11:03+00:00","og_image":[{"width":1200,"height":675,"url":"https:\/\/deepsolidarity.net\/wp-content\/uploads\/2025\/07\/deepsolidarity-Preview.jpg","type":"image\/jpeg"}],"twitter_card":"summary_large_image","twitter_title":"deepsolidarity &#8212; Spenden f\u00fcr Ukraine","twitter_description":"DeepSolidarity e.V. arbeitet eng mit der ukrainischen Organisation BASE UA zusammen, um wirkungsvolle humanit\u00e4re Hilfe zu leisten.","twitter_misc":{"Gesch\u00e4tzte Lesezeit":"7\u00a0Minuten"},"schema":{"@context":"https:\/\/schema.org","@graph":[{"@type":"WebPage","@id":"https:\/\/deepsolidarity.net\/ukraine\/","url":"https:\/\/deepsolidarity.net\/ukraine\/","name":"deepsolidarity &#8212; Spenden f\u00fcr Ukraine","isPartOf":{"@id":"https:\/\/deepsolidarity.net\/#website"},"datePublished":"2025-07-29T22:32:06+00:00","dateModified":"2025-07-31T22:11:03+00:00","description":"DeepSolidarity e.V. arbeitet eng mit der ukrainischen Organisation BASE UA zusammen, um wirkungsvolle humanit\u00e4re Hilfe zu leisten.","breadcrumb":{"@id":"https:\/\/deepsolidarity.net\/ukraine\/#breadcrumb"},"inLanguage":"de","potentialAction":[{"@type":"ReadAction","target":["https:\/\/deepsolidarity.net\/ukraine\/"]}]},{"@type":"BreadcrumbList","@id":"https:\/\/deepsolidarity.net\/ukraine\/#breadcrumb","itemListElement":[{"@type":"ListItem","position":1,"name":"Startseite","item":"https:\/\/deepsolidarity.net\/"},{"@type":"ListItem","position":2,"name":"Ukraine"}]},{"@type":"WebSite","@id":"https:\/\/deepsolidarity.net\/#website","url":"https:\/\/deepsolidarity.net\/","name":"deepsolidarity e.V.","description":"global help, local impact","publisher":{"@id":"https:\/\/deepsolidarity.net\/#organization"},"alternateName":"deepsolidarity","potentialAction":[{"@type":"SearchAction","target":{"@type":"EntryPoint","urlTemplate":"https:\/\/deepsolidarity.net\/?s={search_term_string}"},"query-input":{"@type":"PropertyValueSpecification","valueRequired":true,"valueName":"search_term_string"}}],"inLanguage":"de"},{"@type":"Organization","@id":"https:\/\/deepsolidarity.net\/#organization","name":"deepsolidarity","url":"https:\/\/deepsolidarity.net\/","logo":{"@type":"ImageObject","inLanguage":"de","@id":"https:\/\/deepsolidarity.net\/#\/schema\/logo\/image\/","url":"https:\/\/deepsolidarity.net\/wp-content\/uploads\/2025\/07\/deepsolidarity.webp","contentUrl":"https:\/\/deepsolidarity.net\/wp-content\/uploads\/2025\/07\/deepsolidarity.webp","width":1000,"height":1000,"caption":"deepsolidarity"},"image":{"@id":"https:\/\/deepsolidarity.net\/#\/schema\/logo\/image\/"}}]}},"_links":{"self":[{"href":"https:\/\/deepsolidarity.net\/de\/wp-json\/wp\/v2\/pages\/559","targetHints":{"allow":["GET"]}}],"collection":[{"href":"https:\/\/deepsolidarity.net\/de\/wp-json\/wp\/v2\/pages"}],"about":[{"href":"https:\/\/deepsolidarity.net\/de\/wp-json\/wp\/v2\/types\/page"}],"author":[{"embeddable":true,"href":"https:\/\/deepsolidarity.net\/de\/wp-json\/wp\/v2\/users\/2"}],"replies":[{"embeddable":true,"href":"https:\/\/deepsolidarity.net\/de\/wp-json\/wp\/v2\/comments?post=559"}],"version-history":[{"count":5,"href":"https:\/\/deepsolidarity.net\/de\/wp-json\/wp\/v2\/pages\/559\/revisions"}],"predecessor-version":[{"id":703,"href":"https:\/\/deepsolidarity.net\/de\/wp-json\/wp\/v2\/pages\/559\/revisions\/703"}],"wp:attachment":[{"href":"https:\/\/deepsolidarity.net\/de\/wp-json\/wp\/v2\/media?parent=559"}],"curies":[{"name":"wp","href":"https:\/\/api.w.org\/{rel}","templated":true}]}}