{"id":613,"date":"2020-04-06T00:00:00","date_gmt":"2020-04-06T00:00:00","guid":{"rendered":"http:\/\/laura-larsson.de\/start\/"},"modified":"2025-12-13T02:29:53","modified_gmt":"2025-12-13T01:29:53","slug":"start","status":"publish","type":"page","link":"https:\/\/deepsolidarity.net\/de\/","title":{"rendered":"Start"},"content":{"rendered":"\n\t\t<div id=\"fws_69f2063c763b8\"  data-column-margin=\"default\" data-midnight=\"dark\" data-nectar-animated-gradient-settings=\"{&quot;color_1&quot;:&quot;#F0BCBC&quot;,&quot;color_2&quot;:&quot;#AEAAE4&quot;,&quot;speed&quot;:&quot;250&quot;,&quot;blending_mode&quot;:&quot;organic&quot;}\"  class=\"wpb_row vc_row-fluid vc_row full-width-section vc_row-o-full-height vc_row-o-columns-middle vc_row-o-equal-height vc_row-flex\"  style=\"padding-top: 0px; padding-bottom: 0px; \"><div class=\"row-bg-wrap has-animated-gradient\" data-bg-animation=\"none\" data-bg-animation-delay=\"\" data-bg-overlay=\"false\"><div class=\"inner-wrap row-bg-layer\" ><div class=\"row-bg viewport-desktop\"  style=\"\"><\/div><\/div><\/div><div class=\"row_col_wrap_12 col span_12 dark left\">\n\t<div style=\" color: #2B2929;margin-top: 10%; margin-bottom: 10%; \" class=\"vc_col-sm-12 wpb_column column_container vc_column_container col centered-text right_margin_10pct left_margin_10pct right_margin_phone_0pct left_margin_phone_0pct flex_gap_desktop_10px \" data-cfc=\"true\"  data-padding-pos=\"all\" data-has-bg-color=\"false\" data-bg-color=\"\" data-bg-opacity=\"1\" data-animation=\"\" data-delay=\"0\" >\n\t\t<div class=\"vc_column-inner\" >\n\t\t\t<div class=\"wpb_wrapper\">\n\t\t\t\t<div class=\"img-with-aniamtion-wrap center custom-width-350px \" data-max-width=\"custom\" data-max-width-mobile=\"default\" data-shadow=\"none\" data-animation=\"none\" >\n      <div class=\"inner\">\n        <div class=\"hover-wrap\"> \n          <div class=\"hover-wrap-inner\">\n            <img loading=\"lazy\" decoding=\"async\" class=\"img-with-animation skip-lazy\" data-delay=\"0\" height=\"500\" width=\"900\" data-animation=\"none\" src=\"https:\/\/deepsolidarity.net\/wp-content\/uploads\/2025\/07\/deepsolidarity2.webp\" alt=\"\" srcset=\"https:\/\/deepsolidarity.net\/wp-content\/uploads\/2025\/07\/deepsolidarity2.webp 900w, https:\/\/deepsolidarity.net\/wp-content\/uploads\/2025\/07\/deepsolidarity2-300x167.webp 300w, https:\/\/deepsolidarity.net\/wp-content\/uploads\/2025\/07\/deepsolidarity2-768x427.webp 768w, https:\/\/deepsolidarity.net\/wp-content\/uploads\/2025\/07\/deepsolidarity2-18x10.webp 18w\" sizes=\"auto, (max-width: 900px) 100vw, 900px\" \/>\n          <\/div>\n        <\/div>\n        \n      <\/div>\n    <\/div><div class=\"divider-wrap\" data-alignment=\"default\"><div style=\"height: 20px;\" class=\"divider\"><\/div><\/div>\n<div class=\"wpb_text_column wpb_content_element \" >\n\t<h3>global help \u2015 local impact<\/h3>\n<\/div>\n\n\n\n\n\t\t\t<\/div> \n\t\t<\/div>\n\t<\/div> \n<\/div><\/div>\n\t\t<div id=\"projekte\"  data-column-margin=\"default\" data-midnight=\"dark\"  class=\"wpb_row vc_row-fluid vc_row full-width-content vc_row-o-full-height vc_row-o-columns-middle vc_row-o-equal-height vc_row-flex vc_row-o-content-top parallax_section reverse_columns_column_phone\"  style=\"padding-top: 0px; padding-bottom: 0px; \"><div class=\"row-bg-wrap\" data-bg-animation=\"none\" data-bg-animation-delay=\"\" data-bg-overlay=\"true\"><div class=\"inner-wrap row-bg-layer using-image\" ><div class=\"row-bg viewport-desktop using-image\" data-parallax-speed=\"medium\" style=\"background-image: url(https:\/\/deepsolidarity.net\/wp-content\/uploads\/2025\/07\/deepsolidarity-Ukraine-1.webp); background-position: center center; background-repeat: no-repeat; \"><\/div><\/div><div class=\"row-bg-overlay row-bg-layer\" style=\"background-color:#F7F7F7;  opacity: 0.5; \"><\/div><\/div><div class=\"row_col_wrap_12 col span_12 dark left\">\n\t<div  class=\"vc_col-sm-6 wpb_column column_container vc_column_container col centered-text force-desktop-text-align-center left_padding_phone_10pct top_padding_phone_10pct right_padding_phone_10pct bottom_padding_phone_10pct flex_gap_desktop_10px \"  data-padding-pos=\"all\" data-has-bg-color=\"false\" data-bg-color=\"\" data-bg-opacity=\"1\" data-animation=\"\" data-delay=\"0\" >\n\t\t<div class=\"vc_column-inner\" >\n\t\t\t<div class=\"wpb_wrapper\">\n\t\t\t\t<div id=\"fws_69f2063c7ee4e\" data-midnight=\"\" data-column-margin=\"default\" class=\"wpb_row vc_row-fluid vc_row inner_row\"  style=\"\"><div class=\"row-bg-wrap\"> <div class=\"row-bg\" ><\/div> <\/div><div class=\"row_col_wrap_12_inner col span_12  left\">\n\t<div style=\"margin-top: 10%; margin-bottom: 10%; \" class=\"vc_col-sm-12 wpb_column column_container vc_column_container col child_column padding-6-percent right_margin_10pct left_margin_10pct top_margin_phone_10pct bottom_margin_phone_10pct right_margin_phone_0pct left_margin_phone_0pct inherit_tablet inherit_phone backdrop_filter_blur backdrop_blur_5 flex_gap_desktop_10px \"  data-using-bg=\"true\" data-shadow=\"large_depth\" data-border-radius=\"50px\" data-padding-pos=\"all\" data-has-bg-color=\"true\" data-bg-color=\"#F7F7F7\" data-bg-opacity=\"0.6\" data-hover-bg=\"#F7F7F7\" data-hover-bg-opacity=\"0.8\" data-animation=\"\" data-delay=\"0\" >\n\t\t<div class=\"vc_column-inner\" ><div class=\"column-bg-overlay-wrap column-bg-layer\" data-bg-animation=\"none\"><div class=\"column-bg-overlay\" style=\"opacity: 0.6; background-color: #F7F7F7;\"><\/div><\/div>\n\t\t<div class=\"wpb_wrapper\">\n\t\t\t<div class=\"img-with-aniamtion-wrap center\" data-max-width=\"100%\" data-max-width-mobile=\"default\" data-shadow=\"none\" data-animation=\"none\" >\n      <div class=\"inner\">\n        <div class=\"hover-wrap\"> \n          <div class=\"hover-wrap-inner\">\n            <a href=\"https:\/\/baseua.org\/\" target=\"_blank\" class=\"center\">\n              <img loading=\"lazy\" decoding=\"async\" class=\"img-with-animation skip-lazy\" data-delay=\"0\" height=\"120\" width=\"250\" data-animation=\"none\" src=\"https:\/\/deepsolidarity.net\/wp-content\/uploads\/2025\/07\/BASE-UA-1.webp\" alt=\"\" srcset=\"https:\/\/deepsolidarity.net\/wp-content\/uploads\/2025\/07\/BASE-UA-1.webp 250w, https:\/\/deepsolidarity.net\/wp-content\/uploads\/2025\/07\/BASE-UA-1-18x9.webp 18w\" sizes=\"auto, (max-width: 250px) 100vw, 250px\" \/>\n            <\/a>\n          <\/div>\n        <\/div>\n        \n      <\/div>\n      <\/div><div class=\"divider-wrap\" data-alignment=\"default\"><div style=\"height: 20px;\" class=\"divider\"><\/div><\/div>\n<div class=\"wpb_text_column wpb_content_element \" >\n\t<h4>Unsere Arbeit in der Ukraine:<br \/>\nIn Partnerschaft mit BASE UA<\/h4>\n<\/div>\n\n\n\n\n<div class=\"wpb_text_column wpb_content_element \" >\n\t<p>In Zusammenarbeit mit der ukrainischen Organisation <a href=\"https:\/\/baseua.org\/\" target=\"_blank\" rel=\"noopener\"><strong>BASE UA<\/strong><\/a> unterst\u00fctzt deepsolidarity e.V. direkte humanit\u00e4re Hilfe in der Region Donezk in der Ukraine. Mit einem lokalen Team im Osten und einer Zentrale in Kiew arbeitet <a href=\"https:\/\/baseua.org\/\" target=\"_blank\" rel=\"noopener\"><strong>BASE UA<\/strong><\/a> mit ukrainischen und internationalen Freiwilligen zusammen, was ein flexibles und schnelles Handeln erm\u00f6glicht.<\/p>\n<p>Ihre aktuellen Schwerpunkte sind die Evakuierung von Menschen aus den Frontgebieten, die Unterst\u00fctzung von Vertriebenenfamilien und ein Kulturzentrum in Kramatorsk, in dem Kinder und Jugendliche Sicherheit, Bildung und psychologische Betreuung finden. Projekte wie der Wiederaufbau von H\u00e4usern und eine mobile medizinische Grundversorgungseinheit sind derzeit ausgesetzt, bleiben aber Teil der langfristigen Vision.<\/p>\n<p>Evakuierungen stehen weiterhin im Mittelpunkt, wobei sich die Sicherheitsprotokolle t\u00e4glich an die sich ver\u00e4ndernde Frontlinie anpassen. Durch die enge Zusammenarbeit mit lokalen Partnern reagiert <a href=\"https:\/\/baseua.org\/\" target=\"_blank\" rel=\"noopener\"><strong>BASE UA<\/strong><\/a> schnell auf Notf\u00e4lle und stellt sicher, dass die Hilfe die Bed\u00fcrftigen erreicht \u2013 selbst unter schwierigsten Bedingungen.<\/p>\n<\/div>\n\n\n\n<div class=\"divider-wrap\" data-alignment=\"default\"><div style=\"height: 20px;\" class=\"divider\"><\/div><\/div><a class=\"nectar-button large regular accent-color  regular-button\"  role=\"button\" style=\"\"  href=\"https:\/\/deepsolidarity.net\/ukraine\/\" data-color-override=\"false\" data-hover-color-override=\"false\" data-hover-text-color-override=\"#fff\"><span>Jetzt f\u00fcr Ukraine spenden<\/span><\/a>\n\t\t<\/div> \n\t<\/div>\n\t<\/div> \n<\/div><\/div>\n\t\t\t<\/div> \n\t\t<\/div>\n\t<\/div> \n\n\t<div  class=\"vc_col-sm-6 wpb_column column_container vc_column_container col centered-text left_padding_phone_10pct top_padding_phone_10pct right_padding_phone_10pct bottom_padding_phone_10pct flex_gap_desktop_10px \"  data-padding-pos=\"all\" data-has-bg-color=\"false\" data-bg-color=\"\" data-bg-opacity=\"1\" data-animation=\"\" data-delay=\"0\" >\n\t\t<div class=\"vc_column-inner\" >\n\t\t\t<div class=\"wpb_wrapper\">\n\t\t\t\t<div id=\"fws_69f2063c84c02\" data-midnight=\"\" data-column-margin=\"default\" class=\"wpb_row vc_row-fluid vc_row inner_row\"  style=\"\"><div class=\"row-bg-wrap\"> <div class=\"row-bg\" ><\/div> <\/div><div class=\"row_col_wrap_12_inner col span_12  left\">\n\t<div style=\"margin-top: 10%; margin-bottom: 10%; \" class=\"vc_col-sm-12 wpb_column column_container vc_column_container col child_column padding-6-percent right_margin_10pct left_margin_10pct top_margin_phone_10pct bottom_margin_phone_10pct right_margin_phone_0pct left_margin_phone_0pct inherit_tablet inherit_phone backdrop_filter_blur backdrop_blur_5 flex_gap_desktop_10px \"  data-using-bg=\"true\" data-shadow=\"large_depth\" data-border-radius=\"50px\" data-padding-pos=\"all\" data-has-bg-color=\"true\" data-bg-color=\"#F7F7F7\" data-bg-opacity=\"0.6\" data-hover-bg=\"#F7F7F7\" data-hover-bg-opacity=\"0.8\" data-animation=\"\" data-delay=\"0\" >\n\t\t<div class=\"vc_column-inner\" ><div class=\"column-bg-overlay-wrap column-bg-layer\" data-bg-animation=\"none\"><div class=\"column-bg-overlay\" style=\"opacity: 0.6; background-color: #F7F7F7;\"><\/div><\/div>\n\t\t<div class=\"wpb_wrapper\">\n\t\t\t<div class=\"img-with-aniamtion-wrap center\" data-max-width=\"100%\" data-max-width-mobile=\"default\" data-shadow=\"none\" data-animation=\"none\" >\n      <div class=\"inner\">\n        <div class=\"hover-wrap\"> \n          <div class=\"hover-wrap-inner\">\n            <a href=\"https:\/\/lemontree-collective.org\/\" target=\"_blank\" class=\"center\">\n              <img loading=\"lazy\" decoding=\"async\" class=\"img-with-animation skip-lazy\" data-delay=\"0\" height=\"120\" width=\"120\" data-animation=\"none\" src=\"https:\/\/deepsolidarity.net\/wp-content\/uploads\/2025\/07\/LTC.webp\" alt=\"\" srcset=\"https:\/\/deepsolidarity.net\/wp-content\/uploads\/2025\/07\/LTC.webp 120w, https:\/\/deepsolidarity.net\/wp-content\/uploads\/2025\/07\/LTC-12x12.webp 12w, https:\/\/deepsolidarity.net\/wp-content\/uploads\/2025\/07\/LTC-100x100.webp 100w\" sizes=\"auto, (max-width: 120px) 100vw, 120px\" \/>\n            <\/a>\n          <\/div>\n        <\/div>\n        \n      <\/div>\n      <\/div><div class=\"divider-wrap\" data-alignment=\"default\"><div style=\"height: 20px;\" class=\"divider\"><\/div><\/div>\n<div class=\"wpb_text_column wpb_content_element \" >\n\t<h4>Solidarit\u00e4t f\u00fcr Gaza:<br \/>\nGemeinsam mit dem Lemon Tree Collective<\/h4>\n<\/div>\n\n\n\n\n<div class=\"wpb_text_column wpb_content_element \" >\n\t<p>In Partnerschaft mit dem <a href=\"https:\/\/lemontree-collective.org\/\" target=\"_blank\" rel=\"noopener\"><strong>Lemon Tree Collective<\/strong><\/a> setzt sich deepsolidarity e.V. f\u00fcr schnelle und direkte Hilfe in Gaza, \u00c4gypten und Syrien ein.<\/p>\n<p>Die Initiative wurde Anfang 2024 von Helen Fares gegr\u00fcndet, um schwerkranke Kinder, Erwachsene und Hochschwangere aus Gaza zu evakuieren.<\/p>\n<p>Heute engagiert sich das Kollektiv in drei Projekten in \u00c4gypten, Gaza sowie an der syrischen K\u00fcste. In Gaza werden Familien mit Nahrungsmitteln und sauberem Trinkwasser versorgt, in \u00c4gypten werden aus Gaza gefl\u00fcchtete Familien mit Mietzahlungen unterst\u00fctzt und in Syrien werden von Armut betroffene Familien mit Lebensmittelpaketen versorgt.<\/p>\n<p>Das <strong><a href=\"https:\/\/lemontree-collective.org\/\" target=\"_blank\" rel=\"noopener\">Lemon Tree Collective<\/a><\/strong> steht f\u00fcr schnelles, solidarisches Handeln, mit einem klaren Fokus auf Gerechtigkeit und auf die Bed\u00fcrfnisse der betroffenen Menschen vor Ort.<\/p>\n<\/div>\n\n\n\n<div class=\"divider-wrap\" data-alignment=\"default\"><div style=\"height: 20px;\" class=\"divider\"><\/div><\/div><a class=\"nectar-button large regular accent-color  regular-button\"  role=\"button\" style=\"\" target=\"_blank\" href=\"https:\/\/lemontree-collective.org\/#donate\" data-color-override=\"false\" data-hover-color-override=\"false\" data-hover-text-color-override=\"#fff\"><span>Jetzt f\u00fcr Gaza spenden<\/span><\/a>\n\t\t<\/div> \n\t<\/div>\n\t<\/div> \n<\/div><\/div>\n\t\t\t<\/div> \n\t\t<\/div>\n\t<\/div> \n<\/div><\/div>\n\t\t<div id=\"verein\"  data-column-margin=\"default\" data-midnight=\"dark\" data-nectar-animated-gradient-settings=\"{&quot;color_1&quot;:&quot;#AEAAE4&quot;,&quot;color_2&quot;:&quot;#F2D8DB&quot;,&quot;speed&quot;:&quot;850&quot;,&quot;blending_mode&quot;:&quot;organic&quot;}\"  class=\"wpb_row vc_row-fluid vc_row full-width-content vc_row-o-full-height vc_row-o-columns-middle vc_row-o-equal-height vc_row-flex vc_row-o-content-middle  reverse_columns_column_phone\"  style=\"padding-top: 0px; padding-bottom: 0px; \"><div class=\"row-bg-wrap has-animated-gradient\" data-bg-animation=\"none\" data-bg-animation-delay=\"\" data-bg-overlay=\"false\"><div class=\"inner-wrap row-bg-layer\" ><div class=\"row-bg viewport-desktop\"  style=\"\"><\/div><\/div><\/div><div class=\"row_col_wrap_12 col span_12 dark left\">\n\t<div  class=\"vc_col-sm-12 wpb_column column_container vc_column_container col centered-text force-desktop-text-align-center left_padding_phone_10pct top_padding_phone_10pct right_padding_phone_10pct bottom_padding_phone_10pct flex_gap_desktop_10px \"  data-padding-pos=\"all\" data-has-bg-color=\"false\" data-bg-color=\"\" data-bg-opacity=\"1\" data-animation=\"\" data-delay=\"0\" >\n\t\t<div class=\"vc_column-inner\" >\n\t\t\t<div class=\"wpb_wrapper\">\n\t\t\t\t<div id=\"fws_69f2063c88ff8\" data-midnight=\"\" data-column-margin=\"default\" class=\"wpb_row vc_row-fluid vc_row inner_row\"  style=\"\"><div class=\"row-bg-wrap\"> <div class=\"row-bg\" ><\/div> <\/div><div class=\"row_col_wrap_12_inner col span_12  left\">\n\t<div style=\"margin-top: 10%; margin-bottom: 10%; \" class=\"vc_col-sm-12 wpb_column column_container vc_column_container col child_column padding-6-percent right_margin_10pct left_margin_10pct top_margin_phone_10pct bottom_margin_phone_10pct right_margin_phone_0pct left_margin_phone_0pct inherit_tablet inherit_phone backdrop_filter_blur backdrop_blur_5 flex_gap_desktop_10px \"  data-using-bg=\"true\" data-shadow=\"large_depth\" data-border-radius=\"50px\" data-padding-pos=\"all\" data-has-bg-color=\"true\" data-bg-color=\"#F7F7F7\" data-bg-opacity=\"0.2\" data-animation=\"\" data-delay=\"0\" >\n\t\t<div class=\"vc_column-inner\" ><div class=\"column-bg-overlay-wrap column-bg-layer\" data-bg-animation=\"none\"><div class=\"column-bg-overlay\" style=\"opacity: 0.2; background-color: #F7F7F7;\"><\/div><\/div>\n\t\t<div class=\"wpb_wrapper\">\n\t\t\t\n<div class=\"wpb_text_column wpb_content_element \" >\n\t<h2>deepsolidarity e.V.<\/h2>\n<\/div>\n\n\n\n\n<div class=\"wpb_text_column wpb_content_element \" >\n\t<p>deepsolidarity e.V. arbeitet mit lokalen Communities zusammen, um in der Ukraine und in Gaza humanit\u00e4re Nothilfe zu leisten und schnell solidarisch zu handeln.<\/p>\n<h4>Adresse<\/h4>\n<p>deepsolidarity e.V.<br \/>\nVoccawind 32<br \/>\n96126 Maroldsweisach<br \/>\nDeutschland<\/p>\n<h4>Vertreten durch<\/h4>\n<p>Patrick M\u00fcnz<\/p>\n<h4>Kontakt<\/h4>\n<p><a href=\"mailto:info@deepsolidarity.net\">info@deepsolidarity.net<\/a><\/p>\n<\/div>\n\n\n\n<div class=\"divider-wrap\" data-alignment=\"default\"><div style=\"height: 20px;\" class=\"divider\"><\/div><\/div><a class=\"nectar-button jumbo regular accent-color  regular-button\"  role=\"button\" style=\"\"  href=\"https:\/\/deepsolidarity.net\/spenden\/\" data-color-override=\"false\" data-hover-color-override=\"false\" data-hover-text-color-override=\"#fff\"><span>Jetzt f\u00fcr die Vereinsarbeit spenden<\/span><\/a>\n\t\t<\/div> \n\t<\/div>\n\t<\/div> \n<\/div><\/div>\n\t\t\t<\/div> \n\t\t<\/div>\n\t<\/div> \n<\/div><\/div>\n","protected":false},"excerpt":{"rendered":"global help \u2015 local impact Unsere Arbeit in der Ukraine: In Partnerschaft mit BASE UA In Zusammenarbeit mit der ukrainischen Organisation BASE UA unterst\u00fctzt deepsolidarity e.V. direkte humanit\u00e4re Hilfe in...","protected":false},"author":2,"featured_media":0,"parent":0,"menu_order":0,"comment_status":"closed","ping_status":"closed","template":"","meta":{"footnotes":""},"class_list":["post-613","page","type-page","status-publish"],"yoast_head":"<!-- This site is optimized with the Yoast SEO plugin v27.5 - https:\/\/yoast.com\/product\/yoast-seo-wordpress\/ -->\n<title>deepsolidarity &#8212; global help, local impact<\/title>\n<meta name=\"description\" content=\"deepsolidarity e.V. arbeitet mit lokalen Communities zusammen, um in der Ukraine und in Gaza humanit\u00e4re Nothilfe zu leisten.\" \/>\n<meta name=\"robots\" content=\"index, follow, max-snippet:-1, max-image-preview:large, max-video-preview:-1\" \/>\n<link rel=\"canonical\" href=\"https:\/\/deepsolidarity.net\/de\/\" \/>\n<meta property=\"og:locale\" content=\"de_DE\" \/>\n<meta property=\"og:type\" content=\"article\" \/>\n<meta property=\"og:title\" content=\"deepsolidarity &#8212; global help, local impact\" \/>\n<meta property=\"og:description\" content=\"deepsolidarity e.V. arbeitet mit lokalen Communities zusammen, um in der Ukraine und in Gaza humanit\u00e4re Nothilfe zu leisten.\" \/>\n<meta property=\"og:url\" content=\"https:\/\/deepsolidarity.net\/de\/\" \/>\n<meta property=\"og:site_name\" content=\"deepsolidarity\" \/>\n<meta property=\"article:modified_time\" content=\"2025-12-13T01:29:53+00:00\" \/>\n<meta property=\"og:image\" content=\"https:\/\/deepsolidarity.net\/wp-content\/uploads\/2025\/07\/deepsolidarity-Preview.jpg\" \/>\n\t<meta property=\"og:image:width\" content=\"1200\" \/>\n\t<meta property=\"og:image:height\" content=\"675\" \/>\n\t<meta property=\"og:image:type\" content=\"image\/jpeg\" \/>\n<meta name=\"twitter:card\" content=\"summary_large_image\" \/>\n<meta name=\"twitter:title\" content=\"deepsolidarity &#8212; global help, local impact\" \/>\n<meta name=\"twitter:description\" content=\"deepsolidarity e.V. arbeitet mit lokalen Communities zusammen, um in der Ukraine und in Gaza humanit\u00e4re Nothilfe zu leisten.\" \/>\n<meta name=\"twitter:label1\" content=\"Gesch\u00e4tzte Lesezeit\" \/>\n\t<meta name=\"twitter:data1\" content=\"7\u00a0Minuten\" \/>\n<script type=\"application\/ld+json\" class=\"yoast-schema-graph\">{\"@context\":\"https:\\\/\\\/schema.org\",\"@graph\":[{\"@type\":\"WebPage\",\"@id\":\"https:\\\/\\\/deepsolidarity.net\\\/\",\"url\":\"https:\\\/\\\/deepsolidarity.net\\\/\",\"name\":\"deepsolidarity &#8212; global help, local impact\",\"isPartOf\":{\"@id\":\"https:\\\/\\\/deepsolidarity.net\\\/#website\"},\"datePublished\":\"2020-04-06T00:00:00+00:00\",\"dateModified\":\"2025-12-13T01:29:53+00:00\",\"description\":\"deepsolidarity e.V. arbeitet mit lokalen Communities zusammen, um in der Ukraine und in Gaza humanit\u00e4re Nothilfe zu leisten.\",\"breadcrumb\":{\"@id\":\"https:\\\/\\\/deepsolidarity.net\\\/#breadcrumb\"},\"inLanguage\":\"de\",\"potentialAction\":[{\"@type\":\"ReadAction\",\"target\":[\"https:\\\/\\\/deepsolidarity.net\\\/\"]}]},{\"@type\":\"BreadcrumbList\",\"@id\":\"https:\\\/\\\/deepsolidarity.net\\\/#breadcrumb\",\"itemListElement\":[{\"@type\":\"ListItem\",\"position\":1,\"name\":\"Startseite\",\"item\":\"https:\\\/\\\/deepsolidarity.net\\\/\"},{\"@type\":\"ListItem\",\"position\":2,\"name\":\"Start\"}]},{\"@type\":\"WebSite\",\"@id\":\"https:\\\/\\\/deepsolidarity.net\\\/#website\",\"url\":\"https:\\\/\\\/deepsolidarity.net\\\/\",\"name\":\"deepsolidarity e.V.\",\"description\":\"global help, local impact\",\"publisher\":{\"@id\":\"https:\\\/\\\/deepsolidarity.net\\\/#organization\"},\"alternateName\":\"deepsolidarity\",\"potentialAction\":[{\"@type\":\"SearchAction\",\"target\":{\"@type\":\"EntryPoint\",\"urlTemplate\":\"https:\\\/\\\/deepsolidarity.net\\\/?s={search_term_string}\"},\"query-input\":{\"@type\":\"PropertyValueSpecification\",\"valueRequired\":true,\"valueName\":\"search_term_string\"}}],\"inLanguage\":\"de\"},{\"@type\":\"Organization\",\"@id\":\"https:\\\/\\\/deepsolidarity.net\\\/#organization\",\"name\":\"deepsolidarity\",\"url\":\"https:\\\/\\\/deepsolidarity.net\\\/\",\"logo\":{\"@type\":\"ImageObject\",\"inLanguage\":\"de\",\"@id\":\"https:\\\/\\\/deepsolidarity.net\\\/#\\\/schema\\\/logo\\\/image\\\/\",\"url\":\"https:\\\/\\\/deepsolidarity.net\\\/wp-content\\\/uploads\\\/2025\\\/07\\\/deepsolidarity.webp\",\"contentUrl\":\"https:\\\/\\\/deepsolidarity.net\\\/wp-content\\\/uploads\\\/2025\\\/07\\\/deepsolidarity.webp\",\"width\":1000,\"height\":1000,\"caption\":\"deepsolidarity\"},\"image\":{\"@id\":\"https:\\\/\\\/deepsolidarity.net\\\/#\\\/schema\\\/logo\\\/image\\\/\"}}]}<\/script>\n<!-- \/ Yoast SEO plugin. -->","yoast_head_json":{"title":"deepsolidarity &#8212; global help, local impact","description":"deepsolidarity e.V. arbeitet mit lokalen Communities zusammen, um in der Ukraine und in Gaza humanit\u00e4re Nothilfe zu leisten.","robots":{"index":"index","follow":"follow","max-snippet":"max-snippet:-1","max-image-preview":"max-image-preview:large","max-video-preview":"max-video-preview:-1"},"canonical":"https:\/\/deepsolidarity.net\/de\/","og_locale":"de_DE","og_type":"article","og_title":"deepsolidarity &#8212; global help, local impact","og_description":"deepsolidarity e.V. arbeitet mit lokalen Communities zusammen, um in der Ukraine und in Gaza humanit\u00e4re Nothilfe zu leisten.","og_url":"https:\/\/deepsolidarity.net\/de\/","og_site_name":"deepsolidarity","article_modified_time":"2025-12-13T01:29:53+00:00","og_image":[{"width":1200,"height":675,"url":"https:\/\/deepsolidarity.net\/wp-content\/uploads\/2025\/07\/deepsolidarity-Preview.jpg","type":"image\/jpeg"}],"twitter_card":"summary_large_image","twitter_title":"deepsolidarity &#8212; global help, local impact","twitter_description":"deepsolidarity e.V. arbeitet mit lokalen Communities zusammen, um in der Ukraine und in Gaza humanit\u00e4re Nothilfe zu leisten.","twitter_misc":{"Gesch\u00e4tzte Lesezeit":"7\u00a0Minuten"},"schema":{"@context":"https:\/\/schema.org","@graph":[{"@type":"WebPage","@id":"https:\/\/deepsolidarity.net\/","url":"https:\/\/deepsolidarity.net\/","name":"deepsolidarity &#8212; global help, local impact","isPartOf":{"@id":"https:\/\/deepsolidarity.net\/#website"},"datePublished":"2020-04-06T00:00:00+00:00","dateModified":"2025-12-13T01:29:53+00:00","description":"deepsolidarity e.V. arbeitet mit lokalen Communities zusammen, um in der Ukraine und in Gaza humanit\u00e4re Nothilfe zu leisten.","breadcrumb":{"@id":"https:\/\/deepsolidarity.net\/#breadcrumb"},"inLanguage":"de","potentialAction":[{"@type":"ReadAction","target":["https:\/\/deepsolidarity.net\/"]}]},{"@type":"BreadcrumbList","@id":"https:\/\/deepsolidarity.net\/#breadcrumb","itemListElement":[{"@type":"ListItem","position":1,"name":"Startseite","item":"https:\/\/deepsolidarity.net\/"},{"@type":"ListItem","position":2,"name":"Start"}]},{"@type":"WebSite","@id":"https:\/\/deepsolidarity.net\/#website","url":"https:\/\/deepsolidarity.net\/","name":"deepsolidarity e.V.","description":"global help, local impact","publisher":{"@id":"https:\/\/deepsolidarity.net\/#organization"},"alternateName":"deepsolidarity","potentialAction":[{"@type":"SearchAction","target":{"@type":"EntryPoint","urlTemplate":"https:\/\/deepsolidarity.net\/?s={search_term_string}"},"query-input":{"@type":"PropertyValueSpecification","valueRequired":true,"valueName":"search_term_string"}}],"inLanguage":"de"},{"@type":"Organization","@id":"https:\/\/deepsolidarity.net\/#organization","name":"deepsolidarity","url":"https:\/\/deepsolidarity.net\/","logo":{"@type":"ImageObject","inLanguage":"de","@id":"https:\/\/deepsolidarity.net\/#\/schema\/logo\/image\/","url":"https:\/\/deepsolidarity.net\/wp-content\/uploads\/2025\/07\/deepsolidarity.webp","contentUrl":"https:\/\/deepsolidarity.net\/wp-content\/uploads\/2025\/07\/deepsolidarity.webp","width":1000,"height":1000,"caption":"deepsolidarity"},"image":{"@id":"https:\/\/deepsolidarity.net\/#\/schema\/logo\/image\/"}}]}},"_links":{"self":[{"href":"https:\/\/deepsolidarity.net\/de\/wp-json\/wp\/v2\/pages\/613","targetHints":{"allow":["GET"]}}],"collection":[{"href":"https:\/\/deepsolidarity.net\/de\/wp-json\/wp\/v2\/pages"}],"about":[{"href":"https:\/\/deepsolidarity.net\/de\/wp-json\/wp\/v2\/types\/page"}],"author":[{"embeddable":true,"href":"https:\/\/deepsolidarity.net\/de\/wp-json\/wp\/v2\/users\/2"}],"replies":[{"embeddable":true,"href":"https:\/\/deepsolidarity.net\/de\/wp-json\/wp\/v2\/comments?post=613"}],"version-history":[{"count":23,"href":"https:\/\/deepsolidarity.net\/de\/wp-json\/wp\/v2\/pages\/613\/revisions"}],"predecessor-version":[{"id":717,"href":"https:\/\/deepsolidarity.net\/de\/wp-json\/wp\/v2\/pages\/613\/revisions\/717"}],"wp:attachment":[{"href":"https:\/\/deepsolidarity.net\/de\/wp-json\/wp\/v2\/media?parent=613"}],"curies":[{"name":"wp","href":"https:\/\/api.w.org\/{rel}","templated":true}]}}